{"id":2,"date":"2013-05-24T11:36:09","date_gmt":"2013-05-24T09:36:09","guid":{"rendered":"http:\/\/www.preino.de\/?page_id=2"},"modified":"2015-07-28T14:52:53","modified_gmt":"2015-07-28T12:52:53","slug":"home","status":"publish","type":"page","link":"http:\/\/www.preino.de\/","title":{"rendered":"preInO"},"content":{"rendered":"<h2>Methoden und Werkzeuge f\u00fcr die preagierende Instandhaltung von Offshore Windenergieanlagen<\/h2>\n<p>Das Ziel des Projekts ist die Erforschung von umfassenden Methoden und Werkzeugen unter Ber\u00fccksichtigung diverser Datenquellen, die f\u00fcr eine preagierenden Instandhaltungsstrategie des Service der OWEA genutzt werden k\u00f6nnen. Um eine bestm\u00f6gliche Prognose \u00fcber den Zustand einer Komponente zu geben, werden unterschiedlichste Datenquellen analysiert und automatisiert zu einem relevanten Event miteinander verkn\u00fcpft. Die Priorisierung der erkannten Fehler, die dynamische Planung des Wartungsumfangs und die Einplanung in den Arbeitsablauf mit dazugeh\u00f6riger Logistik unter Nutzung dezentraler Steuerungssysteme sind darauf aufbauend die zu erforschenden Punkte des Vorhabens, die eine preagierende Instandhaltungsstrategie f\u00fcr OWEAs erm\u00f6glichen sollen.<\/p>\n<table border=\"0\" width=\"100%\" cellspacing=\"0\" cellpadding=\"0\">\n<tbody>\n<tr>\n<td><img decoding=\"async\" src=\"http:\/\/www.preino.de\/wp-content\/uploads\/2014\/04\/bmwi.png\" alt=\"BMWi\" align=\"middle\" \/><\/td>\n<td><img loading=\"lazy\" decoding=\"async\" src=\"http:\/\/www.preino.de\/wp-content\/uploads\/2013\/07\/logo_ptj.jpg\" alt=\"PtJ\" width=\"146\" height=\"98\" align=\"middle\" \/><\/td>\n<td><img decoding=\"async\" src=\"http:\/\/www.preino.de\/wp-content\/uploads\/2014\/05\/rave_logo_neu.png\" alt=\"RAVE\" height=\"98\" align=\"middle\" \/><\/td>\n<\/tr>\n<\/tbody>\n<\/table>\n<p>&nbsp;<\/p>\n","protected":false},"excerpt":{"rendered":"<p>Methoden und Werkzeuge f\u00fcr die preagierende Instandhaltung von Offshore Windenergieanlagen Das Ziel des Projekts ist die Erforschung von umfassenden Methoden und Werkzeugen unter Ber\u00fccksichtigung diverser Datenquellen, die f\u00fcr eine preagierenden Instandhaltungsstrategie des Service der OWEA genutzt werden k\u00f6nnen. Um eine &hellip; <a href=\"http:\/\/www.preino.de\/\">Weiterlesen <span class=\"meta-nav\">&rarr;<\/span><\/a><\/p>\n","protected":false},"author":1,"featured_media":0,"parent":0,"menu_order":0,"comment_status":"closed","ping_status":"closed","template":"","meta":{"footnotes":""},"class_list":["post-2","page","type-page","status-publish","hentry"],"_links":{"self":[{"href":"http:\/\/www.preino.de\/index.php?rest_route=\/wp\/v2\/pages\/2","targetHints":{"allow":["GET"]}}],"collection":[{"href":"http:\/\/www.preino.de\/index.php?rest_route=\/wp\/v2\/pages"}],"about":[{"href":"http:\/\/www.preino.de\/index.php?rest_route=\/wp\/v2\/types\/page"}],"author":[{"embeddable":true,"href":"http:\/\/www.preino.de\/index.php?rest_route=\/wp\/v2\/users\/1"}],"replies":[{"embeddable":true,"href":"http:\/\/www.preino.de\/index.php?rest_route=%2Fwp%2Fv2%2Fcomments&post=2"}],"version-history":[{"count":34,"href":"http:\/\/www.preino.de\/index.php?rest_route=\/wp\/v2\/pages\/2\/revisions"}],"predecessor-version":[{"id":179,"href":"http:\/\/www.preino.de\/index.php?rest_route=\/wp\/v2\/pages\/2\/revisions\/179"}],"wp:attachment":[{"href":"http:\/\/www.preino.de\/index.php?rest_route=%2Fwp%2Fv2%2Fmedia&parent=2"}],"curies":[{"name":"wp","href":"https:\/\/api.w.org\/{rel}","templated":true}]}}